{"id":503,"date":"2023-01-10T13:53:15","date_gmt":"2023-01-10T12:53:15","guid":{"rendered":"https:\/\/visitaoe.com\/?page_id=503"},"modified":"2023-01-19T11:13:42","modified_gmt":"2023-01-19T10:13:42","slug":"when-to-travel","status":"publish","type":"page","link":"https:\/\/visitaoe.com\/de\/about-destination\/when-to-travel\/","title":{"rendered":"Wann reisen"},"content":{"rendered":"<div data-elementor-type=\"wp-page\" data-elementor-id=\"503\" class=\"elementor elementor-503\" data-elementor-post-type=\"page\">\n\t\t\t\t\t\t<section class=\"elementor-section elementor-top-section elementor-element elementor-element-2b53ccb elementor-section-full_width elementor-section-stretched elementor-section-height-min-height elementor-section-height-default elementor-section-items-middle wpr-jarallax-no wpr-parallax-no wpr-sticky-section-no\" data-id=\"2b53ccb\" data-element_type=\"section\" data-settings=\"{&quot;stretch_section&quot;:&quot;section-stretched&quot;,&quot;background_background&quot;:&quot;classic&quot;}\">\n\t\t\t\t\t\t<div class=\"elementor-container elementor-column-gap-default\">\n\t\t\t\t\t<div class=\"elementor-column elementor-col-50 elementor-top-column elementor-element elementor-element-e08c1bf elementor-invisible\" data-id=\"e08c1bf\" data-element_type=\"column\" data-settings=\"{&quot;background_background&quot;:&quot;classic&quot;,&quot;animation&quot;:&quot;fadeInLeft&quot;}\">\n\t\t\t<div class=\"elementor-widget-wrap elementor-element-populated\">\n\t\t\t\t\t<div class=\"elementor-background-overlay\"><\/div>\n\t\t\t\t\t\t<div class=\"elementor-element elementor-element-473b211 elementor-widget elementor-widget-heading\" data-id=\"473b211\" data-element_type=\"widget\" data-widget_type=\"heading.default\">\n\t\t\t\t<div class=\"elementor-widget-container\">\n\t\t\t\t\t<h1 class=\"elementor-heading-title elementor-size-default\">Wann reisen<\/h1>\t\t\t\t<\/div>\n\t\t\t\t<\/div>\n\t\t\t\t<div class=\"elementor-element elementor-element-4194bfc elementor-widget-divider--view-line elementor-widget elementor-widget-divider\" data-id=\"4194bfc\" data-element_type=\"widget\" data-widget_type=\"divider.default\">\n\t\t\t\t<div class=\"elementor-widget-container\">\n\t\t\t\t\t\t\t<div class=\"elementor-divider\">\n\t\t\t<span class=\"elementor-divider-separator\">\n\t\t\t\t\t\t<\/span>\n\t\t<\/div>\n\t\t\t\t\t\t<\/div>\n\t\t\t\t<\/div>\n\t\t\t\t\t<\/div>\n\t\t<\/div>\n\t\t\t\t<div class=\"elementor-column elementor-col-50 elementor-top-column elementor-element elementor-element-c31c6b8 elementor-hidden-mobile elementor-hidden-tablet\" data-id=\"c31c6b8\" data-element_type=\"column\">\n\t\t\t<div class=\"elementor-widget-wrap\">\n\t\t\t\t\t\t\t<\/div>\n\t\t<\/div>\n\t\t\t\t\t<\/div>\n\t\t<\/section>\n\t\t\t\t<section class=\"elementor-section elementor-top-section elementor-element elementor-element-08c29d0 elementor-section-full_width elementor-section-height-default elementor-section-height-default wpr-particle-no wpr-jarallax-no wpr-parallax-no wpr-sticky-section-no\" data-id=\"08c29d0\" data-element_type=\"section\">\n\t\t\t\t\t\t\t<div class=\"elementor-background-overlay\"><\/div>\n\t\t\t\t\t\t\t<div class=\"elementor-container elementor-column-gap-default\">\n\t\t\t\t\t<div class=\"elementor-column elementor-col-100 elementor-top-column elementor-element elementor-element-694ac54\" data-id=\"694ac54\" data-element_type=\"column\" data-settings=\"{&quot;background_background&quot;:&quot;classic&quot;}\">\n\t\t\t<div class=\"elementor-widget-wrap elementor-element-populated\">\n\t\t\t\t\t\t<div class=\"elementor-element elementor-element-c20ffd4 elementor-widget elementor-widget-text-editor\" data-id=\"c20ffd4\" data-element_type=\"widget\" data-widget_type=\"text-editor.default\">\n\t\t\t\t<div class=\"elementor-widget-container\">\n\t\t\t\t\t\t\t\t\t<p>Die Gegend ist interessant und zu jeder Jahreszeit einen Besuch wert. Die beste Zeit f\u00fcr Radfahren, Wassersport und Outdoor-Aktivit\u00e4ten erstreckt sich von Mitte Mai bis Anfang Oktober. Der Mai ist wahrscheinlich die ultimative Wahl f\u00fcr dieses Abenteuer \u2013 denken Sie an sattgr\u00fcne Wiesen, bl\u00fchende Obstb\u00e4ume und gem\u00e4\u00dfigte Temperaturen.<\/p>\t\t\t\t\t\t\t\t<\/div>\n\t\t\t\t<\/div>\n\t\t\t\t\t<\/div>\n\t\t<\/div>\n\t\t\t\t\t<\/div>\n\t\t<\/section>\n\t\t\t\t<section class=\"elementor-section elementor-top-section elementor-element elementor-element-11ec810 elementor-section-full_width elementor-section-height-default elementor-section-height-default wpr-particle-no wpr-jarallax-no wpr-parallax-no wpr-sticky-section-no\" data-id=\"11ec810\" data-element_type=\"section\" data-settings=\"{&quot;background_background&quot;:&quot;classic&quot;}\">\n\t\t\t\t\t\t<div class=\"elementor-container elementor-column-gap-default\">\n\t\t\t\t\t<div class=\"elementor-column elementor-col-50 elementor-top-column elementor-element elementor-element-80a1c98\" data-id=\"80a1c98\" data-element_type=\"column\">\n\t\t\t<div class=\"elementor-widget-wrap elementor-element-populated\">\n\t\t\t\t\t\t<div class=\"elementor-element elementor-element-e0a864e elementor-widget elementor-widget-image\" data-id=\"e0a864e\" data-element_type=\"widget\" data-widget_type=\"image.default\">\n\t\t\t\t<div class=\"elementor-widget-container\">\n\t\t\t\t\t\t\t\t\t\t\t\t\t\t\t<img fetchpriority=\"high\" decoding=\"async\" width=\"1200\" height=\"800\" src=\"https:\/\/visitaoe.com\/wp-content\/uploads\/when-to-travel-aoe.jpg\" class=\"attachment-full size-full wp-image-1224\" alt=\"\" srcset=\"https:\/\/visitaoe.com\/wp-content\/uploads\/when-to-travel-aoe.jpg 1200w, https:\/\/visitaoe.com\/wp-content\/uploads\/when-to-travel-aoe-300x200.jpg 300w, https:\/\/visitaoe.com\/wp-content\/uploads\/when-to-travel-aoe-1024x683.jpg 1024w, https:\/\/visitaoe.com\/wp-content\/uploads\/when-to-travel-aoe-768x512.jpg 768w\" sizes=\"(max-width: 1200px) 100vw, 1200px\" \/>\t\t\t\t\t\t\t\t\t\t\t\t\t\t\t<\/div>\n\t\t\t\t<\/div>\n\t\t\t\t\t<\/div>\n\t\t<\/div>\n\t\t\t\t<div class=\"elementor-column elementor-col-50 elementor-top-column elementor-element elementor-element-869bf9c\" data-id=\"869bf9c\" data-element_type=\"column\">\n\t\t\t<div class=\"elementor-widget-wrap elementor-element-populated\">\n\t\t\t\t\t\t<div class=\"elementor-element elementor-element-1e9a14f elementor-widget elementor-widget-text-editor\" data-id=\"1e9a14f\" data-element_type=\"widget\" data-widget_type=\"text-editor.default\">\n\t\t\t\t<div class=\"elementor-widget-container\">\n\t\t\t\t\t\t\t\t\t<p>Die Hochsaison ist im Sommer; aber auch die Sommerhitze l\u00e4sst sich mit dem k\u00fchlen Gegenwind im Gesicht gut ertragen, und nat\u00fcrlich bieten sowohl die Fl\u00fcsse als auch die Badeseen unterwegs gen\u00fcgend Gelegenheit f\u00fcr ein erfrischendes Bad \u2013 sofern erlaubt.<\/p>\t\t\t\t\t\t\t\t<\/div>\n\t\t\t\t<\/div>\n\t\t\t\t\t<\/div>\n\t\t<\/div>\n\t\t\t\t\t<\/div>\n\t\t<\/section>\n\t\t\t\t<section class=\"elementor-section elementor-top-section elementor-element elementor-element-0283dce elementor-section-full_width elementor-reverse-mobile elementor-section-height-default elementor-section-height-default wpr-particle-no wpr-jarallax-no wpr-parallax-no wpr-sticky-section-no\" data-id=\"0283dce\" data-element_type=\"section\" data-settings=\"{&quot;background_background&quot;:&quot;classic&quot;}\">\n\t\t\t\t\t\t<div class=\"elementor-container elementor-column-gap-default\">\n\t\t\t\t\t<div class=\"elementor-column elementor-col-50 elementor-top-column elementor-element elementor-element-a5d17d9\" data-id=\"a5d17d9\" data-element_type=\"column\">\n\t\t\t<div class=\"elementor-widget-wrap elementor-element-populated\">\n\t\t\t\t\t\t<div class=\"elementor-element elementor-element-02c4a54 elementor-widget elementor-widget-text-editor\" data-id=\"02c4a54\" data-element_type=\"widget\" data-widget_type=\"text-editor.default\">\n\t\t\t\t<div class=\"elementor-widget-container\">\n\t\t\t\t\t\t\t\t\t<p>Achten Sie auf Nachmittagsschauer auf den Wetterbericht, damit Sie morgens notfalls etwas fr\u00fcher aufbrechen k\u00f6nnen. Im Sommer empfehlen wir aufgrund der Hitze Aktivit\u00e4ten am Vormittag oder am Nachmittag durchzuf\u00fchren.<\/p>\t\t\t\t\t\t\t\t<\/div>\n\t\t\t\t<\/div>\n\t\t\t\t\t<\/div>\n\t\t<\/div>\n\t\t\t\t<div class=\"elementor-column elementor-col-50 elementor-top-column elementor-element elementor-element-07ab1b4\" data-id=\"07ab1b4\" data-element_type=\"column\">\n\t\t\t<div class=\"elementor-widget-wrap elementor-element-populated\">\n\t\t\t\t\t\t<div class=\"elementor-element elementor-element-b5beb76 elementor-widget elementor-widget-image\" data-id=\"b5beb76\" data-element_type=\"widget\" data-widget_type=\"image.default\">\n\t\t\t\t<div class=\"elementor-widget-container\">\n\t\t\t\t\t\t\t\t\t\t\t\t\t\t\t<img decoding=\"async\" width=\"1200\" height=\"800\" src=\"https:\/\/visitaoe.com\/wp-content\/uploads\/when-to-travel-amazon-of-europe.jpg\" class=\"attachment-full size-full wp-image-1225\" alt=\"\" srcset=\"https:\/\/visitaoe.com\/wp-content\/uploads\/when-to-travel-amazon-of-europe.jpg 1200w, https:\/\/visitaoe.com\/wp-content\/uploads\/when-to-travel-amazon-of-europe-300x200.jpg 300w, https:\/\/visitaoe.com\/wp-content\/uploads\/when-to-travel-amazon-of-europe-1024x683.jpg 1024w, https:\/\/visitaoe.com\/wp-content\/uploads\/when-to-travel-amazon-of-europe-768x512.jpg 768w\" sizes=\"(max-width: 1200px) 100vw, 1200px\" \/>\t\t\t\t\t\t\t\t\t\t\t\t\t\t\t<\/div>\n\t\t\t\t<\/div>\n\t\t\t\t\t<\/div>\n\t\t<\/div>\n\t\t\t\t\t<\/div>\n\t\t<\/section>\n\t\t\t\t<section class=\"elementor-section elementor-top-section elementor-element elementor-element-51f7eca elementor-section-full_width elementor-section-height-default elementor-section-height-default wpr-particle-no wpr-jarallax-no wpr-parallax-no wpr-sticky-section-no\" data-id=\"51f7eca\" data-element_type=\"section\">\n\t\t\t\t\t\t\t<div class=\"elementor-background-overlay\"><\/div>\n\t\t\t\t\t\t\t<div class=\"elementor-container elementor-column-gap-default\">\n\t\t\t\t\t<div class=\"elementor-column elementor-col-100 elementor-top-column elementor-element elementor-element-d06aed0\" data-id=\"d06aed0\" data-element_type=\"column\" data-settings=\"{&quot;background_background&quot;:&quot;classic&quot;}\">\n\t\t\t<div class=\"elementor-widget-wrap elementor-element-populated\">\n\t\t\t\t\t\t<div class=\"elementor-element elementor-element-7c5595f elementor-widget elementor-widget-text-editor\" data-id=\"7c5595f\" data-element_type=\"widget\" data-widget_type=\"text-editor.default\">\n\t\t\t\t<div class=\"elementor-widget-container\">\n\t\t\t\t\t\t\t\t\t<p>Rehydrierung nicht vergessen und immer ausreichend Fl\u00fcssigkeit dabeihaben. Der Herbst mit frischer, frischer Luft, farbenpr\u00e4chtigen W\u00e4ldern und angenehm k\u00fchlen Temperaturen kann auch eine fantastische Zeit f\u00fcr eine Reise auf dem europ\u00e4ischen Amazonas sein, solange Sie gut auf die niedrigeren Temperaturen vorbereitet sind. Denken Sie im Winter daran, dass einige Attraktionen geschlossen sind.<\/p>\t\t\t\t\t\t\t\t<\/div>\n\t\t\t\t<\/div>\n\t\t\t\t\t<\/div>\n\t\t<\/div>\n\t\t\t\t\t<\/div>\n\t\t<\/section>\n\t\t\t\t<\/div>","protected":false},"excerpt":{"rendered":"<p>When to travel The area is interesting and worth a visit in all seasons. The most suitable time for cycling, water sports and outdoor activities spans from mid-May to the beginning of October. May is probably the ultimate choice for this adventure \u2013 think lush green meadows, blossoming fruit trees and moderate temperatures. The peak season is in Summer; but even the summer heat is easily bearable with the cooling headwinds in your face, and of course both the rivers and the swimming lakes offer plenty of opportunities for a refreshing dip along the way \u2013 where allowed. Be sure to check the weather report for afternoon showers, so you can set off a little earlier in the morning if need be. In the summer, due to the heat, we recommend carrying out activities in the morning or in the afternoon. Don&#8217;t forget about rehydration and always have enough liquid with you. Autumn with crisp, refreshing air, forests bursting with colour, pleasantly cool temperatures can be also a fantastic time for a journey on the Amazon of Europe, as long as you come well-prepared for the lower temperatures. In winter keep in mind that some attractions are closed.<\/p>","protected":false},"author":9,"featured_media":0,"parent":471,"menu_order":0,"comment_status":"closed","ping_status":"closed","template":"","meta":{"footnotes":""},"class_list":["post-503","page","type-page","status-publish","hentry"],"_links":{"self":[{"href":"https:\/\/visitaoe.com\/de\/wp-json\/wp\/v2\/pages\/503","targetHints":{"allow":["GET"]}}],"collection":[{"href":"https:\/\/visitaoe.com\/de\/wp-json\/wp\/v2\/pages"}],"about":[{"href":"https:\/\/visitaoe.com\/de\/wp-json\/wp\/v2\/types\/page"}],"author":[{"embeddable":true,"href":"https:\/\/visitaoe.com\/de\/wp-json\/wp\/v2\/users\/9"}],"replies":[{"embeddable":true,"href":"https:\/\/visitaoe.com\/de\/wp-json\/wp\/v2\/comments?post=503"}],"version-history":[{"count":0,"href":"https:\/\/visitaoe.com\/de\/wp-json\/wp\/v2\/pages\/503\/revisions"}],"up":[{"embeddable":true,"href":"https:\/\/visitaoe.com\/de\/wp-json\/wp\/v2\/pages\/471"}],"wp:attachment":[{"href":"https:\/\/visitaoe.com\/de\/wp-json\/wp\/v2\/media?parent=503"}],"curies":[{"name":"wp","href":"https:\/\/api.w.org\/{rel}","templated":true}]}}